{"id":5082,"date":"2024-07-03T08:00:28","date_gmt":"2024-07-03T06:00:28","guid":{"rendered":"https:\/\/walser-ag.ch\/?post_type=product&#038;p=5082"},"modified":"2024-12-11T14:10:48","modified_gmt":"2024-12-11T13:10:48","slug":"piquets-en-metal-inoxydable-profile-en-u","status":"publish","type":"product","link":"https:\/\/walser-ag.ch\/fr\/produkt\/piquets-en-metal-inoxydable-profile-en-u\/","title":{"rendered":"Piquets en m\u00e9tal inoxydable profil\u00e9 en U"},"content":{"rendered":"<p>&#8211; trois trous pr\u00e9-perc\u00e9s pour isolateurs<br \/>\n&#8211; fabriqu\u00e9 en Suisse en acier inoxydable 1.4301\/1.4307 (A2)<\/p>\n","protected":false},"excerpt":{"rendered":"<p>Piquets en m\u00e9tal inoxydable profil\u00e9 en U<\/p>\n<p>(sans isolateur M8)<\/p>\n","protected":false},"featured_media":5078,"template":"","meta":{"_acf_changed":false},"product_brand":[],"product_cat":[124],"product_tag":[],"class_list":{"0":"post-5082","1":"product","2":"type-product","3":"status-publish","4":"has-post-thumbnail","6":"product_cat-zaunmaterial-fr","7":"product_shipping_class-franko","9":"first","10":"instock","11":"taxable","12":"shipping-taxable","13":"purchasable","14":"product-type-simple"},"acf":[],"tiered_pricing_type":"fixed","tiered_pricing_fixed_rules":{"50":"15.60","100":"15.10"},"tiered_pricing_product_settings":{"layout":"default","base_unit_name":{"singular":null,"plural":null},"default_variation":null},"tiered_pricing_minimum_quantity":null,"tiered_pricing_roles_data":[],"tiered_pricing_percentage_rules":[],"_links":{"self":[{"href":"https:\/\/walser-ag.ch\/fr\/wp-json\/wp\/v2\/product\/5082","targetHints":{"allow":["GET"]}}],"collection":[{"href":"https:\/\/walser-ag.ch\/fr\/wp-json\/wp\/v2\/product"}],"about":[{"href":"https:\/\/walser-ag.ch\/fr\/wp-json\/wp\/v2\/types\/product"}],"wp:featuredmedia":[{"embeddable":true,"href":"https:\/\/walser-ag.ch\/fr\/wp-json\/wp\/v2\/media\/5078"}],"wp:attachment":[{"href":"https:\/\/walser-ag.ch\/fr\/wp-json\/wp\/v2\/media?parent=5082"}],"wp:term":[{"taxonomy":"product_brand","embeddable":true,"href":"https:\/\/walser-ag.ch\/fr\/wp-json\/wp\/v2\/product_brand?post=5082"},{"taxonomy":"product_cat","embeddable":true,"href":"https:\/\/walser-ag.ch\/fr\/wp-json\/wp\/v2\/product_cat?post=5082"},{"taxonomy":"product_tag","embeddable":true,"href":"https:\/\/walser-ag.ch\/fr\/wp-json\/wp\/v2\/product_tag?post=5082"}],"curies":[{"name":"wp","href":"https:\/\/api.w.org\/{rel}","templated":true}]}}