{"id":5072,"date":"2024-07-03T07:48:36","date_gmt":"2024-07-03T05:48:36","guid":{"rendered":"https:\/\/walser-ag.ch\/?post_type=product&#038;p=5072"},"modified":"2024-12-10T13:10:22","modified_gmt":"2024-12-10T12:10:22","slug":"brunox-lubri-food-400-ml","status":"publish","type":"product","link":"https:\/\/walser-ag.ch\/fr\/produkt\/brunox-lubri-food-400-ml\/","title":{"rendered":"BRUNOX Lubri-Food 400 ml"},"content":{"rendered":"<p>&#8211; Allrounder pour le secteur alimentaire pour l&#8217;artisanat, l&#8217;industrie et la maison<br \/>\n&#8211; sans silicone, PTFE, graphite, nanoparticules<br \/>\n&#8211; r\u00e9sistance aux temp\u00e9ratures de -20\u00b0 \u00e0 155\u00b0C<br \/>\n&#8211; inodore et sans go\u00fbt, sans graisses v\u00e9g\u00e9tales et animales<br \/>\n&#8211; Certifi\u00e9 NSF H1<\/p>\n","protected":false},"excerpt":{"rendered":"<p>BRUNOX Lubri-Food 400 ml<\/p>\n","protected":false},"featured_media":5074,"template":"","meta":{"_acf_changed":false},"product_brand":[],"product_cat":[112],"product_tag":[],"class_list":{"0":"post-5072","1":"product","2":"type-product","3":"status-publish","4":"has-post-thumbnail","6":"product_cat-diverses-fr","7":"product_shipping_class-unfranko","9":"first","10":"instock","11":"taxable","12":"shipping-taxable","13":"purchasable","14":"product-type-simple"},"acf":[],"tiered_pricing_type":"fixed","tiered_pricing_fixed_rules":{"6":"16.50"},"tiered_pricing_product_settings":{"layout":"default","base_unit_name":{"singular":null,"plural":null},"default_variation":null},"tiered_pricing_minimum_quantity":null,"tiered_pricing_roles_data":[],"tiered_pricing_percentage_rules":[],"_links":{"self":[{"href":"https:\/\/walser-ag.ch\/fr\/wp-json\/wp\/v2\/product\/5072","targetHints":{"allow":["GET"]}}],"collection":[{"href":"https:\/\/walser-ag.ch\/fr\/wp-json\/wp\/v2\/product"}],"about":[{"href":"https:\/\/walser-ag.ch\/fr\/wp-json\/wp\/v2\/types\/product"}],"wp:featuredmedia":[{"embeddable":true,"href":"https:\/\/walser-ag.ch\/fr\/wp-json\/wp\/v2\/media\/5074"}],"wp:attachment":[{"href":"https:\/\/walser-ag.ch\/fr\/wp-json\/wp\/v2\/media?parent=5072"}],"wp:term":[{"taxonomy":"product_brand","embeddable":true,"href":"https:\/\/walser-ag.ch\/fr\/wp-json\/wp\/v2\/product_brand?post=5072"},{"taxonomy":"product_cat","embeddable":true,"href":"https:\/\/walser-ag.ch\/fr\/wp-json\/wp\/v2\/product_cat?post=5072"},{"taxonomy":"product_tag","embeddable":true,"href":"https:\/\/walser-ag.ch\/fr\/wp-json\/wp\/v2\/product_tag?post=5072"}],"curies":[{"name":"wp","href":"https:\/\/api.w.org\/{rel}","templated":true}]}}