{"id":4372,"date":"2022-10-28T09:04:06","date_gmt":"2022-10-28T07:04:06","guid":{"rendered":"https:\/\/walser-ag.ch\/?post_type=product&#038;p=4372"},"modified":"2025-12-19T14:23:52","modified_gmt":"2025-12-19T13:23:52","slug":"poignee-bi-matiere-orange-cordon-4-pcs","status":"publish","type":"product","link":"https:\/\/walser-ag.ch\/fr\/produkt\/poignee-bi-matiere-orange-cordon-4-pcs\/","title":{"rendered":"Poign\u00e9e bi-mati\u00e8re orange cordon Standard, 4 pcs"},"content":{"rendered":"<p>Poign\u00e9e bi-mati\u00e8re orange cordon Standard, 4 pcs<\/p>\n","protected":false},"excerpt":{"rendered":"<p>Poign\u00e9e bi-mati\u00e8re orange cordon Standard, 4 pcs<\/p>\n","protected":false},"featured_media":4404,"template":"","meta":{"_acf_changed":false},"product_brand":[],"product_cat":[124],"product_tag":[],"class_list":{"0":"post-4372","1":"product","2":"type-product","3":"status-publish","4":"has-post-thumbnail","6":"product_cat-zaunmaterial-fr","7":"product_shipping_class-unfranko","9":"first","10":"instock","11":"taxable","12":"shipping-taxable","13":"purchasable","14":"product-type-simple"},"acf":[],"tiered_pricing_type":"fixed","tiered_pricing_fixed_rules":[],"tiered_pricing_product_settings":{"layout":"default","base_unit_name":{"singular":null,"plural":null},"default_variation":null},"tiered_pricing_minimum_quantity":null,"tiered_pricing_roles_data":[],"tiered_pricing_percentage_rules":[],"_links":{"self":[{"href":"https:\/\/walser-ag.ch\/fr\/wp-json\/wp\/v2\/product\/4372","targetHints":{"allow":["GET"]}}],"collection":[{"href":"https:\/\/walser-ag.ch\/fr\/wp-json\/wp\/v2\/product"}],"about":[{"href":"https:\/\/walser-ag.ch\/fr\/wp-json\/wp\/v2\/types\/product"}],"wp:featuredmedia":[{"embeddable":true,"href":"https:\/\/walser-ag.ch\/fr\/wp-json\/wp\/v2\/media\/4404"}],"wp:attachment":[{"href":"https:\/\/walser-ag.ch\/fr\/wp-json\/wp\/v2\/media?parent=4372"}],"wp:term":[{"taxonomy":"product_brand","embeddable":true,"href":"https:\/\/walser-ag.ch\/fr\/wp-json\/wp\/v2\/product_brand?post=4372"},{"taxonomy":"product_cat","embeddable":true,"href":"https:\/\/walser-ag.ch\/fr\/wp-json\/wp\/v2\/product_cat?post=4372"},{"taxonomy":"product_tag","embeddable":true,"href":"https:\/\/walser-ag.ch\/fr\/wp-json\/wp\/v2\/product_tag?post=4372"}],"curies":[{"name":"wp","href":"https:\/\/api.w.org\/{rel}","templated":true}]}}