{"id":4038,"date":"2022-07-20T07:18:43","date_gmt":"2022-07-20T05:18:43","guid":{"rendered":"https:\/\/walser-ag.ch\/?post_type=product&#038;p=4038"},"modified":"2024-12-10T13:37:12","modified_gmt":"2024-12-10T12:37:12","slug":"euro-netz-kombi-90-1-bleu-blanc","status":"publish","type":"product","link":"https:\/\/walser-ag.ch\/fr\/produkt\/euro-netz-kombi-90-1-bleu-blanc\/","title":{"rendered":"Euro-Netz Kombi 90\/1, bleu\/blanc (fin de s\u00e9rie)"},"content":{"rendered":"<p>&#8211; 14 piquets en plastique blanc<br \/>\n&#8211; contreforts verticaux stables blancs, tous les 30 cm<br \/>\n&#8211; torons bleus<br \/>\n&#8211; fil de nickel chrom\u00e9 incorpor\u00e9<\/p>\n","protected":false},"excerpt":{"rendered":"<p>Euro-Netz Kombi 90\/1, bleu\/blanc<\/p>\n<p>&nbsp;<\/p>\n<p><strong>Fin de s\u00e9rie: offre jusqu&#8217;\u00e0 \u00e9puisement du stock<\/strong><\/p>\n","protected":false},"featured_media":4279,"template":"","meta":{"_acf_changed":false},"product_brand":[],"product_cat":[124],"product_tag":[],"class_list":{"0":"post-4038","1":"product","2":"type-product","3":"status-publish","4":"has-post-thumbnail","6":"product_cat-zaunmaterial-fr","7":"product_shipping_class-franko","9":"first","10":"instock","11":"taxable","12":"shipping-taxable","13":"purchasable","14":"product-type-simple"},"acf":[],"tiered_pricing_type":"fixed","tiered_pricing_fixed_rules":[],"tiered_pricing_product_settings":{"layout":"default","base_unit_name":{"singular":null,"plural":null},"default_variation":null},"tiered_pricing_minimum_quantity":null,"tiered_pricing_roles_data":[],"tiered_pricing_percentage_rules":[],"_links":{"self":[{"href":"https:\/\/walser-ag.ch\/fr\/wp-json\/wp\/v2\/product\/4038","targetHints":{"allow":["GET"]}}],"collection":[{"href":"https:\/\/walser-ag.ch\/fr\/wp-json\/wp\/v2\/product"}],"about":[{"href":"https:\/\/walser-ag.ch\/fr\/wp-json\/wp\/v2\/types\/product"}],"wp:featuredmedia":[{"embeddable":true,"href":"https:\/\/walser-ag.ch\/fr\/wp-json\/wp\/v2\/media\/4279"}],"wp:attachment":[{"href":"https:\/\/walser-ag.ch\/fr\/wp-json\/wp\/v2\/media?parent=4038"}],"wp:term":[{"taxonomy":"product_brand","embeddable":true,"href":"https:\/\/walser-ag.ch\/fr\/wp-json\/wp\/v2\/product_brand?post=4038"},{"taxonomy":"product_cat","embeddable":true,"href":"https:\/\/walser-ag.ch\/fr\/wp-json\/wp\/v2\/product_cat?post=4038"},{"taxonomy":"product_tag","embeddable":true,"href":"https:\/\/walser-ag.ch\/fr\/wp-json\/wp\/v2\/product_tag?post=4038"}],"curies":[{"name":"wp","href":"https:\/\/api.w.org\/{rel}","templated":true}]}}