{"id":4032,"date":"2022-03-15T10:35:16","date_gmt":"2022-03-15T09:35:16","guid":{"rendered":"https:\/\/walser-ag.ch\/produkt\/euro-netz-kombi-106-2-orange-vert\/"},"modified":"2024-12-10T13:35:06","modified_gmt":"2024-12-10T12:35:06","slug":"euro-netz-kombi-106-2-orange-vert","status":"publish","type":"product","link":"https:\/\/walser-ag.ch\/fr\/produkt\/euro-netz-kombi-106-2-orange-vert\/","title":{"rendered":"Euro-Netz Kombi 105\/2, orange\/vert (fin de s\u00e9rie)"},"content":{"rendered":"<p>&#8211; 10 torons horizontaux en plastique, dont 9 avec fil de nickel chrom\u00e9 incorpor\u00e9<br \/>\n&#8211; espacement des torons \u00e0 l&#8217;horizontale 6 x 10 cm, 3 x 15 cm ainsi que tous les 30 cm \u00e0 la verticale<br \/>\n&#8211; 14 piquets avec double pointe<br \/>\n&#8211; points de croisement des mailles soud\u00e9s de mani\u00e8re inamovible avec un plomb en plastique<br \/>\n&#8211; stable m\u00eame en cas de terrain vallonn\u00e9 ou d&#8217;irr\u00e9gularit\u00e9s du sol<br \/>\n&#8211; pas d&#8217;affaissement des filets gr\u00e2ce aux verticales rigides<\/p>\n","protected":false},"excerpt":{"rendered":"<p>Euro-Netz Kombi 105\/2, orange\/vert<\/p>\n<p>&nbsp;<\/p>\n<p><strong>Fin de s\u00e9rie: offre jusqu&#8217;\u00e0 \u00e9puisement du stock<\/strong><\/p>\n","protected":false},"featured_media":3624,"template":"","meta":{"_acf_changed":false},"product_brand":[],"product_cat":[124],"product_tag":[],"class_list":{"0":"post-4032","1":"product","2":"type-product","3":"status-publish","4":"has-post-thumbnail","6":"product_cat-zaunmaterial-fr","7":"product_shipping_class-franko","9":"first","10":"instock","11":"taxable","12":"shipping-taxable","13":"purchasable","14":"product-type-simple"},"acf":[],"tiered_pricing_type":"fixed","tiered_pricing_fixed_rules":[],"tiered_pricing_product_settings":{"layout":"default","base_unit_name":{"singular":null,"plural":null},"default_variation":null},"tiered_pricing_minimum_quantity":null,"tiered_pricing_roles_data":[],"tiered_pricing_percentage_rules":[],"_links":{"self":[{"href":"https:\/\/walser-ag.ch\/fr\/wp-json\/wp\/v2\/product\/4032","targetHints":{"allow":["GET"]}}],"collection":[{"href":"https:\/\/walser-ag.ch\/fr\/wp-json\/wp\/v2\/product"}],"about":[{"href":"https:\/\/walser-ag.ch\/fr\/wp-json\/wp\/v2\/types\/product"}],"wp:featuredmedia":[{"embeddable":true,"href":"https:\/\/walser-ag.ch\/fr\/wp-json\/wp\/v2\/media\/3624"}],"wp:attachment":[{"href":"https:\/\/walser-ag.ch\/fr\/wp-json\/wp\/v2\/media?parent=4032"}],"wp:term":[{"taxonomy":"product_brand","embeddable":true,"href":"https:\/\/walser-ag.ch\/fr\/wp-json\/wp\/v2\/product_brand?post=4032"},{"taxonomy":"product_cat","embeddable":true,"href":"https:\/\/walser-ag.ch\/fr\/wp-json\/wp\/v2\/product_cat?post=4032"},{"taxonomy":"product_tag","embeddable":true,"href":"https:\/\/walser-ag.ch\/fr\/wp-json\/wp\/v2\/product_tag?post=4032"}],"curies":[{"name":"wp","href":"https:\/\/api.w.org\/{rel}","templated":true}]}}