{"id":4028,"date":"2022-03-15T13:36:45","date_gmt":"2022-03-15T12:36:45","guid":{"rendered":"https:\/\/walser-ag.ch\/produkt\/testeur-avec-led\/"},"modified":"2024-12-10T14:10:09","modified_gmt":"2024-12-10T13:10:09","slug":"testeur-avec-led","status":"publish","type":"product","link":"https:\/\/walser-ag.ch\/fr\/produkt\/testeur-avec-led\/","title":{"rendered":"Testeur avec LED"},"content":{"rendered":"<p>&#8211; mesure pratique sans piquet de terre<br \/>\n&#8211; mesure \u00e0 une distance de la cl\u00f4ture de 0 \u00e0 5 cm max.<br \/>\n&#8211; la tension est indiqu\u00e9e par quatre diodes vertes lumineuses \u00e0 quatre niveaux<br \/>\n&#8211; diode lumineuse rouge pour la sous-tension<br \/>\n&#8211; indicateur LED pour l&#8217;\u00e9tat de la pile (bloc de 9 volts)<br \/>\n&#8211; pile monobloc 9 volts incluse<\/p>\n","protected":false},"excerpt":{"rendered":"<p>Testeur avec LED<\/p>\n","protected":false},"featured_media":3672,"template":"","meta":{"_acf_changed":false},"product_brand":[],"product_cat":[112,124],"product_tag":[],"class_list":{"0":"post-4028","1":"product","2":"type-product","3":"status-publish","4":"has-post-thumbnail","6":"product_cat-diverses-fr","7":"product_cat-zaunmaterial-fr","8":"product_shipping_class-unfranko","10":"first","11":"instock","12":"taxable","13":"shipping-taxable","14":"purchasable","15":"product-type-simple"},"acf":[],"tiered_pricing_type":"fixed","tiered_pricing_fixed_rules":[],"tiered_pricing_product_settings":{"layout":"default","base_unit_name":{"singular":null,"plural":null},"default_variation":null},"tiered_pricing_minimum_quantity":null,"tiered_pricing_roles_data":[],"tiered_pricing_percentage_rules":[],"_links":{"self":[{"href":"https:\/\/walser-ag.ch\/fr\/wp-json\/wp\/v2\/product\/4028","targetHints":{"allow":["GET"]}}],"collection":[{"href":"https:\/\/walser-ag.ch\/fr\/wp-json\/wp\/v2\/product"}],"about":[{"href":"https:\/\/walser-ag.ch\/fr\/wp-json\/wp\/v2\/types\/product"}],"wp:featuredmedia":[{"embeddable":true,"href":"https:\/\/walser-ag.ch\/fr\/wp-json\/wp\/v2\/media\/3672"}],"wp:attachment":[{"href":"https:\/\/walser-ag.ch\/fr\/wp-json\/wp\/v2\/media?parent=4028"}],"wp:term":[{"taxonomy":"product_brand","embeddable":true,"href":"https:\/\/walser-ag.ch\/fr\/wp-json\/wp\/v2\/product_brand?post=4028"},{"taxonomy":"product_cat","embeddable":true,"href":"https:\/\/walser-ag.ch\/fr\/wp-json\/wp\/v2\/product_cat?post=4028"},{"taxonomy":"product_tag","embeddable":true,"href":"https:\/\/walser-ag.ch\/fr\/wp-json\/wp\/v2\/product_tag?post=4028"}],"curies":[{"name":"wp","href":"https:\/\/api.w.org\/{rel}","templated":true}]}}