{"id":4022,"date":"2022-03-15T10:25:54","date_gmt":"2022-03-15T09:25:54","guid":{"rendered":"https:\/\/walser-ag.ch\/?post_type=product&#038;p=4022"},"modified":"2025-07-11T09:12:54","modified_gmt":"2025-07-11T07:12:54","slug":"panier-60-15-60-poignees-non-fixees-1-anneau-central","status":"publish","type":"product","link":"https:\/\/walser-ag.ch\/fr\/produkt\/panier-60-15-60-poignees-non-fixees-1-anneau-central\/","title":{"rendered":"Panier 60\/15\/60 poign\u00e9es non fix\u00e9es \/ 1 anneau central"},"content":{"rendered":"<p>Panier 60\/15\/60 poign\u00e9es non fix\u00e9es \/ 1 anneau central &#8211; d\u00e9lai de livraison env. 4-5 semaines<\/p>\n<p>&nbsp;<\/p>\n<p>diam\u00e8tre en haut: env. 60 cm<\/p>\n<p>largeur des mailles: env. 15 mm<\/p>\n<p>hauteur: env. 60 cm<\/p>\n<p>&nbsp;<\/p>\n<p>Nos corbeilles et paniers sont toujours fabriqu\u00e9s sur commande, \u00e0 la main, \u00e0 100% en Suisse. Chaque produit est donc unique et les dimensions sont des donn\u00e9es approximatives qui peuvent l\u00e9g\u00e8rement varier dans certains cas.<\/p>\n","protected":false},"excerpt":{"rendered":"<p>Panier 60\/15\/60 poign\u00e9es non fix\u00e9es \/ 1 anneau central &#8211; d\u00e9lai de livraison env. 4-5 semaines<\/p>\n","protected":false},"featured_media":3621,"template":"","meta":{"_acf_changed":false},"product_brand":[],"product_cat":[114],"product_tag":[],"class_list":{"0":"post-4022","1":"product","2":"type-product","3":"status-publish","4":"has-post-thumbnail","6":"product_cat-koerbe-und-zainen-fr","7":"product_shipping_class-franko","9":"first","10":"instock","11":"taxable","12":"shipping-taxable","13":"purchasable","14":"product-type-simple"},"acf":[],"tiered_pricing_type":"fixed","tiered_pricing_fixed_rules":[],"tiered_pricing_product_settings":{"layout":"default","base_unit_name":{"singular":null,"plural":null},"default_variation":null},"tiered_pricing_minimum_quantity":null,"tiered_pricing_roles_data":[],"tiered_pricing_percentage_rules":[],"_links":{"self":[{"href":"https:\/\/walser-ag.ch\/fr\/wp-json\/wp\/v2\/product\/4022","targetHints":{"allow":["GET"]}}],"collection":[{"href":"https:\/\/walser-ag.ch\/fr\/wp-json\/wp\/v2\/product"}],"about":[{"href":"https:\/\/walser-ag.ch\/fr\/wp-json\/wp\/v2\/types\/product"}],"wp:featuredmedia":[{"embeddable":true,"href":"https:\/\/walser-ag.ch\/fr\/wp-json\/wp\/v2\/media\/3621"}],"wp:attachment":[{"href":"https:\/\/walser-ag.ch\/fr\/wp-json\/wp\/v2\/media?parent=4022"}],"wp:term":[{"taxonomy":"product_brand","embeddable":true,"href":"https:\/\/walser-ag.ch\/fr\/wp-json\/wp\/v2\/product_brand?post=4022"},{"taxonomy":"product_cat","embeddable":true,"href":"https:\/\/walser-ag.ch\/fr\/wp-json\/wp\/v2\/product_cat?post=4022"},{"taxonomy":"product_tag","embeddable":true,"href":"https:\/\/walser-ag.ch\/fr\/wp-json\/wp\/v2\/product_tag?post=4022"}],"curies":[{"name":"wp","href":"https:\/\/api.w.org\/{rel}","templated":true}]}}