{"id":3981,"date":"2022-03-15T11:28:13","date_gmt":"2022-03-15T10:28:13","guid":{"rendered":"https:\/\/walser-ag.ch\/produkt\/walser-multivit-tonneau-de-200-l\/"},"modified":"2024-12-11T14:02:22","modified_gmt":"2024-12-11T13:02:22","slug":"walser-multivit-tonneau-de-200-l","status":"publish","type":"product","link":"https:\/\/walser-ag.ch\/fr\/produkt\/walser-multivit-tonneau-de-200-l\/","title":{"rendered":"WALSER-MultiVIT tonneau de 200 l"},"content":{"rendered":"<p>&#8211; contient des huiles v\u00e9g\u00e9tales 100% biologiques, des vitamines A, D3 et E ainsi que de l&#8217;huile de lin<br \/>\n&#8211; fabrication purement biologique<br \/>\n&#8211; stimule la croissance et la r\u00e9sistance des animaux<br \/>\n&#8211; fournisseur d&#8217;\u00e9nergie<br \/>\n&#8211; protection \u00e9lev\u00e9e contre les maladies dues \u00e0 des carences<br \/>\n&#8211; autorisation pour les exploitations biologiques<\/p>\n","protected":false},"excerpt":{"rendered":"<p>WALSER-MultiVIT tonneau de 200 l<\/p>\n<p>&nbsp;<\/p>\n<p>Le tonneau sera livr\u00e9 en gris au lieu de vert comme illustr\u00e9.<\/p>\n","protected":false},"featured_media":4484,"template":"","meta":{"_acf_changed":false},"product_brand":[],"product_cat":[123],"product_tag":[],"class_list":{"0":"post-3981","1":"product","2":"type-product","3":"status-publish","4":"has-post-thumbnail","6":"product_cat-walser-multivit-fr","7":"product_shipping_class-franko","9":"first","10":"instock","11":"taxable","12":"shipping-taxable","13":"purchasable","14":"product-type-simple"},"acf":[],"tiered_pricing_type":"fixed","tiered_pricing_fixed_rules":{"2":"1822.00"},"tiered_pricing_product_settings":{"layout":"default","base_unit_name":{"singular":null,"plural":null},"default_variation":null},"tiered_pricing_minimum_quantity":null,"tiered_pricing_roles_data":[],"tiered_pricing_percentage_rules":[],"_links":{"self":[{"href":"https:\/\/walser-ag.ch\/fr\/wp-json\/wp\/v2\/product\/3981","targetHints":{"allow":["GET"]}}],"collection":[{"href":"https:\/\/walser-ag.ch\/fr\/wp-json\/wp\/v2\/product"}],"about":[{"href":"https:\/\/walser-ag.ch\/fr\/wp-json\/wp\/v2\/types\/product"}],"wp:featuredmedia":[{"embeddable":true,"href":"https:\/\/walser-ag.ch\/fr\/wp-json\/wp\/v2\/media\/4484"}],"wp:attachment":[{"href":"https:\/\/walser-ag.ch\/fr\/wp-json\/wp\/v2\/media?parent=3981"}],"wp:term":[{"taxonomy":"product_brand","embeddable":true,"href":"https:\/\/walser-ag.ch\/fr\/wp-json\/wp\/v2\/product_brand?post=3981"},{"taxonomy":"product_cat","embeddable":true,"href":"https:\/\/walser-ag.ch\/fr\/wp-json\/wp\/v2\/product_cat?post=3981"},{"taxonomy":"product_tag","embeddable":true,"href":"https:\/\/walser-ag.ch\/fr\/wp-json\/wp\/v2\/product_tag?post=3981"}],"curies":[{"name":"wp","href":"https:\/\/api.w.org\/{rel}","templated":true}]}}