{"id":3979,"date":"2022-03-15T11:49:24","date_gmt":"2022-03-15T10:49:24","guid":{"rendered":"https:\/\/walser-ag.ch\/produkt\/brosse-pour-betail-fibre-frissee\/"},"modified":"2024-12-11T13:59:02","modified_gmt":"2024-12-11T12:59:02","slug":"brosse-pour-betail-fibre-frissee","status":"publish","type":"product","link":"https:\/\/walser-ag.ch\/fr\/produkt\/brosse-pour-betail-fibre-frissee\/","title":{"rendered":"Brosse pour b\u00e9tail fibre friss\u00e9e"},"content":{"rendered":"<p>&#8211; avec lani\u00e8res de cuir<br \/>\n&#8211; estamp\u00e9<br \/>\n&#8211; Bois brut<\/p>\n","protected":false},"excerpt":{"rendered":"<p>Brosse pour b\u00e9tail fibre friss\u00e9e<\/p>\n","protected":false},"featured_media":3659,"template":"","meta":{"_acf_changed":false},"product_brand":[],"product_cat":[111],"product_tag":[],"class_list":{"0":"post-3979","1":"product","2":"type-product","3":"status-publish","4":"has-post-thumbnail","6":"product_cat-buersten-fr","7":"product_shipping_class-unfranko","9":"first","10":"instock","11":"taxable","12":"shipping-taxable","13":"purchasable","14":"product-type-simple"},"acf":[],"tiered_pricing_type":"fixed","tiered_pricing_fixed_rules":[],"tiered_pricing_product_settings":{"layout":"default","base_unit_name":{"singular":null,"plural":null},"default_variation":null},"tiered_pricing_minimum_quantity":null,"tiered_pricing_roles_data":[],"tiered_pricing_percentage_rules":[],"_links":{"self":[{"href":"https:\/\/walser-ag.ch\/fr\/wp-json\/wp\/v2\/product\/3979","targetHints":{"allow":["GET"]}}],"collection":[{"href":"https:\/\/walser-ag.ch\/fr\/wp-json\/wp\/v2\/product"}],"about":[{"href":"https:\/\/walser-ag.ch\/fr\/wp-json\/wp\/v2\/types\/product"}],"wp:featuredmedia":[{"embeddable":true,"href":"https:\/\/walser-ag.ch\/fr\/wp-json\/wp\/v2\/media\/3659"}],"wp:attachment":[{"href":"https:\/\/walser-ag.ch\/fr\/wp-json\/wp\/v2\/media?parent=3979"}],"wp:term":[{"taxonomy":"product_brand","embeddable":true,"href":"https:\/\/walser-ag.ch\/fr\/wp-json\/wp\/v2\/product_brand?post=3979"},{"taxonomy":"product_cat","embeddable":true,"href":"https:\/\/walser-ag.ch\/fr\/wp-json\/wp\/v2\/product_cat?post=3979"},{"taxonomy":"product_tag","embeddable":true,"href":"https:\/\/walser-ag.ch\/fr\/wp-json\/wp\/v2\/product_tag?post=3979"}],"curies":[{"name":"wp","href":"https:\/\/api.w.org\/{rel}","templated":true}]}}