{"id":3967,"date":"2022-03-15T12:08:23","date_gmt":"2022-03-15T11:08:23","guid":{"rendered":"https:\/\/walser-ag.ch\/produkt\/boitier-de-rechange-des-45-cm\/"},"modified":"2024-12-11T13:49:12","modified_gmt":"2024-12-11T12:49:12","slug":"boitier-de-rechange-des-45-cm","status":"publish","type":"product","link":"https:\/\/walser-ag.ch\/fr\/produkt\/boitier-de-rechange-des-45-cm\/","title":{"rendered":"Bo\u00eetier de rechange (d\u00e8s 45 cm)"},"content":{"rendered":"<p>Pi\u00e8ce de rechange pour benne \u00e0 boue<\/p>\n","protected":false},"excerpt":{"rendered":"<p>Bo\u00eetier de rechange (d\u00e8s 45 cm)<\/p>\n","protected":false},"featured_media":3664,"template":"","meta":{"_acf_changed":false},"product_brand":[],"product_cat":[120],"product_tag":[],"class_list":{"0":"post-3967","1":"product","2":"type-product","3":"status-publish","4":"has-post-thumbnail","6":"product_cat-schlammkrucken-fr","7":"product_shipping_class-unfranko","9":"first","10":"instock","11":"taxable","12":"shipping-taxable","13":"purchasable","14":"product-type-simple"},"acf":[],"tiered_pricing_type":"fixed","tiered_pricing_fixed_rules":[],"tiered_pricing_product_settings":{"layout":"default","base_unit_name":{"singular":null,"plural":null},"default_variation":null},"tiered_pricing_minimum_quantity":null,"tiered_pricing_roles_data":[],"tiered_pricing_percentage_rules":[],"_links":{"self":[{"href":"https:\/\/walser-ag.ch\/fr\/wp-json\/wp\/v2\/product\/3967","targetHints":{"allow":["GET"]}}],"collection":[{"href":"https:\/\/walser-ag.ch\/fr\/wp-json\/wp\/v2\/product"}],"about":[{"href":"https:\/\/walser-ag.ch\/fr\/wp-json\/wp\/v2\/types\/product"}],"wp:featuredmedia":[{"embeddable":true,"href":"https:\/\/walser-ag.ch\/fr\/wp-json\/wp\/v2\/media\/3664"}],"wp:attachment":[{"href":"https:\/\/walser-ag.ch\/fr\/wp-json\/wp\/v2\/media?parent=3967"}],"wp:term":[{"taxonomy":"product_brand","embeddable":true,"href":"https:\/\/walser-ag.ch\/fr\/wp-json\/wp\/v2\/product_brand?post=3967"},{"taxonomy":"product_cat","embeddable":true,"href":"https:\/\/walser-ag.ch\/fr\/wp-json\/wp\/v2\/product_cat?post=3967"},{"taxonomy":"product_tag","embeddable":true,"href":"https:\/\/walser-ag.ch\/fr\/wp-json\/wp\/v2\/product_tag?post=3967"}],"curies":[{"name":"wp","href":"https:\/\/api.w.org\/{rel}","templated":true}]}}