{"id":3949,"date":"2022-03-15T12:04:59","date_gmt":"2022-03-15T11:04:59","guid":{"rendered":"https:\/\/walser-ag.ch\/produkt\/raclet-avec-caoutchouc-100-cm\/"},"modified":"2025-07-03T13:18:58","modified_gmt":"2025-07-03T11:18:58","slug":"raclet-avec-caoutchouc-100-cm","status":"publish","type":"product","link":"https:\/\/walser-ag.ch\/fr\/produkt\/raclet-avec-caoutchouc-100-cm\/","title":{"rendered":"Raclet avec caoutchouc 100 cm"},"content":{"rendered":"<p>&#8211; le caoutchouc peut \u00eatre balay\u00e9 et remplac\u00e9<br \/>\n&#8211; r\u00e9sistant aux acides<br \/>\n&#8211; stabilit\u00e9 assur\u00e9e<br \/>\n&#8211; fabriqu\u00e9 en Suisse<\/p>\n","protected":false},"excerpt":{"rendered":"<p>Raclet avec caoutchouc 100 cm<\/p>\n","protected":false},"featured_media":3662,"template":"","meta":{"_acf_changed":false},"product_brand":[],"product_cat":[120],"product_tag":[],"class_list":{"0":"post-3949","1":"product","2":"type-product","3":"status-publish","4":"has-post-thumbnail","6":"product_cat-schlammkrucken-fr","7":"product_shipping_class-unfranko","9":"first","10":"instock","11":"taxable","12":"shipping-taxable","13":"purchasable","14":"product-type-simple"},"acf":[],"tiered_pricing_type":"fixed","tiered_pricing_fixed_rules":[],"tiered_pricing_product_settings":{"layout":"default","base_unit_name":{"singular":null,"plural":null},"default_variation":null},"tiered_pricing_minimum_quantity":null,"tiered_pricing_roles_data":[],"tiered_pricing_percentage_rules":[],"_links":{"self":[{"href":"https:\/\/walser-ag.ch\/fr\/wp-json\/wp\/v2\/product\/3949","targetHints":{"allow":["GET"]}}],"collection":[{"href":"https:\/\/walser-ag.ch\/fr\/wp-json\/wp\/v2\/product"}],"about":[{"href":"https:\/\/walser-ag.ch\/fr\/wp-json\/wp\/v2\/types\/product"}],"wp:featuredmedia":[{"embeddable":true,"href":"https:\/\/walser-ag.ch\/fr\/wp-json\/wp\/v2\/media\/3662"}],"wp:attachment":[{"href":"https:\/\/walser-ag.ch\/fr\/wp-json\/wp\/v2\/media?parent=3949"}],"wp:term":[{"taxonomy":"product_brand","embeddable":true,"href":"https:\/\/walser-ag.ch\/fr\/wp-json\/wp\/v2\/product_brand?post=3949"},{"taxonomy":"product_cat","embeddable":true,"href":"https:\/\/walser-ag.ch\/fr\/wp-json\/wp\/v2\/product_cat?post=3949"},{"taxonomy":"product_tag","embeddable":true,"href":"https:\/\/walser-ag.ch\/fr\/wp-json\/wp\/v2\/product_tag?post=3949"}],"curies":[{"name":"wp","href":"https:\/\/api.w.org\/{rel}","templated":true}]}}