{"id":3948,"date":"2022-03-15T10:52:27","date_gmt":"2022-03-15T09:52:27","guid":{"rendered":"https:\/\/walser-ag.ch\/produkt\/fermeture-de-portail-20-m-dans-box\/"},"modified":"2024-12-10T14:09:21","modified_gmt":"2024-12-10T13:09:21","slug":"fermeture-de-portail-20-m-dans-box","status":"publish","type":"product","link":"https:\/\/walser-ag.ch\/fr\/produkt\/fermeture-de-portail-20-m-dans-box\/","title":{"rendered":"Fermeture de portail 20 m dans Box"},"content":{"rendered":"<p>&#8211; bo\u00eete en acier chrom\u00e9 ferm\u00e9e sur trois c\u00f4t\u00e9s incluse (protection contre les dommages et le vol)<br \/>\n&#8211; design intemporel<br \/>\n&#8211; ex\u00e9cution robuste<\/p>\n","protected":false},"excerpt":{"rendered":"<p>Fermeture de portail 20 m dans Box<\/p>\n","protected":false},"featured_media":3638,"template":"","meta":{"_acf_changed":false},"product_brand":[],"product_cat":[124],"product_tag":[],"class_list":{"0":"post-3948","1":"product","2":"type-product","3":"status-publish","4":"has-post-thumbnail","6":"product_cat-zaunmaterial-fr","7":"product_shipping_class-unfranko","9":"first","10":"instock","11":"taxable","12":"shipping-taxable","13":"purchasable","14":"product-type-simple"},"acf":[],"tiered_pricing_type":"fixed","tiered_pricing_fixed_rules":[],"tiered_pricing_product_settings":{"layout":"default","base_unit_name":{"singular":null,"plural":null},"default_variation":null},"tiered_pricing_minimum_quantity":null,"tiered_pricing_roles_data":[],"tiered_pricing_percentage_rules":[],"_links":{"self":[{"href":"https:\/\/walser-ag.ch\/fr\/wp-json\/wp\/v2\/product\/3948","targetHints":{"allow":["GET"]}}],"collection":[{"href":"https:\/\/walser-ag.ch\/fr\/wp-json\/wp\/v2\/product"}],"about":[{"href":"https:\/\/walser-ag.ch\/fr\/wp-json\/wp\/v2\/types\/product"}],"wp:featuredmedia":[{"embeddable":true,"href":"https:\/\/walser-ag.ch\/fr\/wp-json\/wp\/v2\/media\/3638"}],"wp:attachment":[{"href":"https:\/\/walser-ag.ch\/fr\/wp-json\/wp\/v2\/media?parent=3948"}],"wp:term":[{"taxonomy":"product_brand","embeddable":true,"href":"https:\/\/walser-ag.ch\/fr\/wp-json\/wp\/v2\/product_brand?post=3948"},{"taxonomy":"product_cat","embeddable":true,"href":"https:\/\/walser-ag.ch\/fr\/wp-json\/wp\/v2\/product_cat?post=3948"},{"taxonomy":"product_tag","embeddable":true,"href":"https:\/\/walser-ag.ch\/fr\/wp-json\/wp\/v2\/product_tag?post=3948"}],"curies":[{"name":"wp","href":"https:\/\/api.w.org\/{rel}","templated":true}]}}