{"id":3946,"date":"2022-03-15T10:53:14","date_gmt":"2022-03-15T09:53:14","guid":{"rendered":"https:\/\/walser-ag.ch\/produkt\/fermeture-de-portail-10-m-incl-charniere\/"},"modified":"2024-12-10T14:07:57","modified_gmt":"2024-12-10T13:07:57","slug":"fermeture-de-portail-10-m-incl-charniere","status":"publish","type":"product","link":"https:\/\/walser-ag.ch\/fr\/produkt\/fermeture-de-portail-10-m-incl-charniere\/","title":{"rendered":"Fermeture de portail 10 m incl. charni\u00e8re"},"content":{"rendered":"<p>&#8211; multifonctionnel et rapidement d\u00e9plac\u00e9<br \/>\n&#8211; conception robuste<br \/>\n&#8211; montage simple et rapide<\/p>\n","protected":false},"excerpt":{"rendered":"<p>Fermeture de portail 10 m incl. charni\u00e8re<\/p>\n","protected":false},"featured_media":3639,"template":"","meta":{"_acf_changed":false},"product_brand":[],"product_cat":[124],"product_tag":[],"class_list":{"0":"post-3946","1":"product","2":"type-product","3":"status-publish","4":"has-post-thumbnail","6":"product_cat-zaunmaterial-fr","7":"product_shipping_class-unfranko","9":"first","10":"instock","11":"taxable","12":"shipping-taxable","13":"purchasable","14":"product-type-simple"},"acf":[],"tiered_pricing_type":"fixed","tiered_pricing_fixed_rules":[],"tiered_pricing_product_settings":{"layout":"default","base_unit_name":{"singular":null,"plural":null},"default_variation":null},"tiered_pricing_minimum_quantity":null,"tiered_pricing_roles_data":[],"tiered_pricing_percentage_rules":[],"_links":{"self":[{"href":"https:\/\/walser-ag.ch\/fr\/wp-json\/wp\/v2\/product\/3946","targetHints":{"allow":["GET"]}}],"collection":[{"href":"https:\/\/walser-ag.ch\/fr\/wp-json\/wp\/v2\/product"}],"about":[{"href":"https:\/\/walser-ag.ch\/fr\/wp-json\/wp\/v2\/types\/product"}],"wp:featuredmedia":[{"embeddable":true,"href":"https:\/\/walser-ag.ch\/fr\/wp-json\/wp\/v2\/media\/3639"}],"wp:attachment":[{"href":"https:\/\/walser-ag.ch\/fr\/wp-json\/wp\/v2\/media?parent=3946"}],"wp:term":[{"taxonomy":"product_brand","embeddable":true,"href":"https:\/\/walser-ag.ch\/fr\/wp-json\/wp\/v2\/product_brand?post=3946"},{"taxonomy":"product_cat","embeddable":true,"href":"https:\/\/walser-ag.ch\/fr\/wp-json\/wp\/v2\/product_cat?post=3946"},{"taxonomy":"product_tag","embeddable":true,"href":"https:\/\/walser-ag.ch\/fr\/wp-json\/wp\/v2\/product_tag?post=3946"}],"curies":[{"name":"wp","href":"https:\/\/api.w.org\/{rel}","templated":true}]}}