{"id":3942,"date":"2022-03-15T13:34:57","date_gmt":"2022-03-15T12:34:57","guid":{"rendered":"https:\/\/walser-ag.ch\/produkt\/pulverisateur-bobby\/"},"modified":"2024-12-11T14:16:49","modified_gmt":"2024-12-11T13:16:49","slug":"pulverisateur-bobby","status":"publish","type":"product","link":"https:\/\/walser-ag.ch\/fr\/produkt\/pulverisateur-bobby\/","title":{"rendered":"pulv\u00e9risateur Bobby"},"content":{"rendered":"<p>&#8211; grand soufflage, produit un fin nuage de poudre<br \/>\n&#8211; cinq buses interchangeables \u00e0 jet rond, angulaire et plat pour des applications universelles<br \/>\n&#8211; r\u00e9cipient en plastique transparent d&#8217;une capacit\u00e9 de 0,5 litre pour environ 500 g de poudre<br \/>\n&#8211; grande ouverture de remplissage<br \/>\n&#8211; rapidement pr\u00eat \u00e0 l&#8217;emploi et facile \u00e0 utiliser<\/p>\n","protected":false},"excerpt":{"rendered":"<p>pulv\u00e9risateur Bobby<\/p>\n","protected":false},"featured_media":3670,"template":"","meta":{"_acf_changed":false},"product_brand":[],"product_cat":[112,119],"product_tag":[],"class_list":{"0":"post-3942","1":"product","2":"type-product","3":"status-publish","4":"has-post-thumbnail","6":"product_cat-diverses-fr","7":"product_cat-penergetic-t-fr","8":"product_shipping_class-unfranko","10":"first","11":"instock","12":"taxable","13":"shipping-taxable","14":"purchasable","15":"product-type-simple"},"acf":[],"tiered_pricing_type":"fixed","tiered_pricing_fixed_rules":[],"tiered_pricing_product_settings":{"layout":"default","base_unit_name":{"singular":null,"plural":null},"default_variation":null},"tiered_pricing_minimum_quantity":null,"tiered_pricing_roles_data":[],"tiered_pricing_percentage_rules":[],"_links":{"self":[{"href":"https:\/\/walser-ag.ch\/fr\/wp-json\/wp\/v2\/product\/3942","targetHints":{"allow":["GET"]}}],"collection":[{"href":"https:\/\/walser-ag.ch\/fr\/wp-json\/wp\/v2\/product"}],"about":[{"href":"https:\/\/walser-ag.ch\/fr\/wp-json\/wp\/v2\/types\/product"}],"wp:featuredmedia":[{"embeddable":true,"href":"https:\/\/walser-ag.ch\/fr\/wp-json\/wp\/v2\/media\/3670"}],"wp:attachment":[{"href":"https:\/\/walser-ag.ch\/fr\/wp-json\/wp\/v2\/media?parent=3942"}],"wp:term":[{"taxonomy":"product_brand","embeddable":true,"href":"https:\/\/walser-ag.ch\/fr\/wp-json\/wp\/v2\/product_brand?post=3942"},{"taxonomy":"product_cat","embeddable":true,"href":"https:\/\/walser-ag.ch\/fr\/wp-json\/wp\/v2\/product_cat?post=3942"},{"taxonomy":"product_tag","embeddable":true,"href":"https:\/\/walser-ag.ch\/fr\/wp-json\/wp\/v2\/product_tag?post=3942"}],"curies":[{"name":"wp","href":"https:\/\/api.w.org\/{rel}","templated":true}]}}