{"id":3918,"date":"2022-03-15T14:28:58","date_gmt":"2022-03-15T13:28:58","guid":{"rendered":"https:\/\/walser-ag.ch\/produkt\/penergetic-b-repulsif-pour-sangliers-2-5-kg\/"},"modified":"2025-01-16T09:34:24","modified_gmt":"2025-01-16T08:34:24","slug":"penergetic-b-repulsif-pour-sangliers-2-5-kg","status":"publish","type":"product","link":"https:\/\/walser-ag.ch\/fr\/produkt\/penergetic-b-repulsif-pour-sangliers-2-5-kg\/","title":{"rendered":"penergetic b (r\u00e9pulsif pour sangliers) 2.5 kg"},"content":{"rendered":"<p>&#8211; Protection contre l&#8217;abroutissement<br \/>\n&#8211; appropri\u00e9 pour les sangliers et les chevreuils<br \/>\n&#8211; effet \u00e0 long terme m\u00eame apr\u00e8s des pr\u00e9cipitations<br \/>\n&#8211; inodore<\/p>\n","protected":false},"excerpt":{"rendered":"<p>penergetic b (r\u00e9pulsif pour sangliers) 2.5 kg<\/p>\n","protected":false},"featured_media":3706,"template":"","meta":{"_acf_changed":false},"product_brand":[],"product_cat":[115],"product_tag":[],"class_list":{"0":"post-3918","1":"product","2":"type-product","3":"status-publish","4":"has-post-thumbnail","6":"product_cat-penergetic-b-fr","7":"product_shipping_class-franko","9":"first","10":"instock","11":"taxable","12":"shipping-taxable","13":"purchasable","14":"product-type-simple"},"acf":[],"tiered_pricing_type":"fixed","tiered_pricing_fixed_rules":[],"tiered_pricing_product_settings":{"layout":"default","base_unit_name":{"singular":null,"plural":null},"default_variation":null},"tiered_pricing_minimum_quantity":null,"tiered_pricing_roles_data":[],"tiered_pricing_percentage_rules":[],"_links":{"self":[{"href":"https:\/\/walser-ag.ch\/fr\/wp-json\/wp\/v2\/product\/3918","targetHints":{"allow":["GET"]}}],"collection":[{"href":"https:\/\/walser-ag.ch\/fr\/wp-json\/wp\/v2\/product"}],"about":[{"href":"https:\/\/walser-ag.ch\/fr\/wp-json\/wp\/v2\/types\/product"}],"wp:featuredmedia":[{"embeddable":true,"href":"https:\/\/walser-ag.ch\/fr\/wp-json\/wp\/v2\/media\/3706"}],"wp:attachment":[{"href":"https:\/\/walser-ag.ch\/fr\/wp-json\/wp\/v2\/media?parent=3918"}],"wp:term":[{"taxonomy":"product_brand","embeddable":true,"href":"https:\/\/walser-ag.ch\/fr\/wp-json\/wp\/v2\/product_brand?post=3918"},{"taxonomy":"product_cat","embeddable":true,"href":"https:\/\/walser-ag.ch\/fr\/wp-json\/wp\/v2\/product_cat?post=3918"},{"taxonomy":"product_tag","embeddable":true,"href":"https:\/\/walser-ag.ch\/fr\/wp-json\/wp\/v2\/product_tag?post=3918"}],"curies":[{"name":"wp","href":"https:\/\/api.w.org\/{rel}","templated":true}]}}