{"id":3898,"date":"2022-03-15T13:33:01","date_gmt":"2022-03-15T12:33:01","guid":{"rendered":"https:\/\/walser-ag.ch\/produkt\/mesure\/"},"modified":"2024-12-10T14:01:13","modified_gmt":"2024-12-10T13:01:13","slug":"mesure","status":"publish","type":"product","link":"https:\/\/walser-ag.ch\/fr\/produkt\/mesure\/","title":{"rendered":"Mesure"},"content":{"rendered":"<p>&#8211; Unit\u00e9 de mesure: 2 litres<br \/>\n&#8211; Mat\u00e9riau: polypropyl\u00e8ne<br \/>\n&#8211; Couleur: hautement transparent<br \/>\n&#8211; Anse: poign\u00e9e ouverte et ergonomique<br \/>\n&#8211; stable et empilable<br \/>\n&#8211; fabriqu\u00e9 \u00e0 partir de mat\u00e9riaux neufs de haute qualit\u00e9 avec agr\u00e9ment alimentaire<\/p>\n","protected":false},"excerpt":{"rendered":"<p>Mesure<\/p>\n","protected":false},"featured_media":3725,"template":"","meta":{"_acf_changed":false},"product_brand":[],"product_cat":[112,123,96],"product_tag":[],"class_list":{"0":"post-3898","1":"product","2":"type-product","3":"status-publish","4":"has-post-thumbnail","6":"product_cat-diverses-fr","7":"product_cat-walser-multivit-fr","8":"product_cat-walser-tran-fr","9":"product_shipping_class-unfranko","11":"first","12":"instock","13":"taxable","14":"shipping-taxable","15":"purchasable","16":"product-type-simple"},"acf":[],"tiered_pricing_type":"fixed","tiered_pricing_fixed_rules":[],"tiered_pricing_product_settings":{"layout":"default","base_unit_name":{"singular":null,"plural":null},"default_variation":null},"tiered_pricing_minimum_quantity":null,"tiered_pricing_roles_data":[],"tiered_pricing_percentage_rules":[],"_links":{"self":[{"href":"https:\/\/walser-ag.ch\/fr\/wp-json\/wp\/v2\/product\/3898","targetHints":{"allow":["GET"]}}],"collection":[{"href":"https:\/\/walser-ag.ch\/fr\/wp-json\/wp\/v2\/product"}],"about":[{"href":"https:\/\/walser-ag.ch\/fr\/wp-json\/wp\/v2\/types\/product"}],"wp:featuredmedia":[{"embeddable":true,"href":"https:\/\/walser-ag.ch\/fr\/wp-json\/wp\/v2\/media\/3725"}],"wp:attachment":[{"href":"https:\/\/walser-ag.ch\/fr\/wp-json\/wp\/v2\/media?parent=3898"}],"wp:term":[{"taxonomy":"product_brand","embeddable":true,"href":"https:\/\/walser-ag.ch\/fr\/wp-json\/wp\/v2\/product_brand?post=3898"},{"taxonomy":"product_cat","embeddable":true,"href":"https:\/\/walser-ag.ch\/fr\/wp-json\/wp\/v2\/product_cat?post=3898"},{"taxonomy":"product_tag","embeddable":true,"href":"https:\/\/walser-ag.ch\/fr\/wp-json\/wp\/v2\/product_tag?post=3898"}],"curies":[{"name":"wp","href":"https:\/\/api.w.org\/{rel}","templated":true}]}}