{"id":3888,"date":"2022-03-15T09:39:40","date_gmt":"2022-03-15T08:39:40","guid":{"rendered":"https:\/\/walser-ag.ch\/?post_type=product&#038;p=3888"},"modified":"2026-04-15T11:51:16","modified_gmt":"2026-04-15T09:51:16","slug":"panier-35-10","status":"publish","type":"product","link":"https:\/\/walser-ag.ch\/fr\/produkt\/panier-35-10\/","title":{"rendered":"Panier 35\/10"},"content":{"rendered":"<p>panier 35\/10 &#8211; 3 pi\u00e8ces en stock; au-del\u00e0, d\u00e9lai de livraison d&#8217;environ 4 \u00e0 5 semaines<\/p>\n<p>&nbsp;<\/p>\n<p>diam\u00e8tre en haut: env. 35 cm<\/p>\n<p>largeur des mailles: env. 10 mm<\/p>\n<p>hauteur: env. 25 cm<\/p>\n<p>&nbsp;<\/p>\n<p>Nos corbeilles et paniers sont toujours fabriqu\u00e9s sur commande, \u00e0 la main, \u00e0 100% en Suisse. Chaque produit est donc unique et les dimensions sont des donn\u00e9es approximatives qui peuvent l\u00e9g\u00e8rement varier dans certains cas.<\/p>\n","protected":false},"excerpt":{"rendered":"<p>Panier 35\/10 &#8211; 3 pi\u00e8ces en stock; au-del\u00e0, d\u00e9lai de livraison d&#8217;environ 4 \u00e0 5 semaines<\/p>\n","protected":false},"featured_media":3617,"template":"","meta":{"_acf_changed":false},"product_brand":[],"product_cat":[114],"product_tag":[],"class_list":{"0":"post-3888","1":"product","2":"type-product","3":"status-publish","4":"has-post-thumbnail","6":"product_cat-koerbe-und-zainen-fr","7":"product_shipping_class-franko","9":"first","10":"instock","11":"taxable","12":"shipping-taxable","13":"purchasable","14":"product-type-simple"},"acf":[],"tiered_pricing_type":"fixed","tiered_pricing_fixed_rules":[],"tiered_pricing_product_settings":{"layout":"default","base_unit_name":{"singular":null,"plural":null},"default_variation":null},"tiered_pricing_minimum_quantity":null,"tiered_pricing_roles_data":[],"tiered_pricing_percentage_rules":[],"_links":{"self":[{"href":"https:\/\/walser-ag.ch\/fr\/wp-json\/wp\/v2\/product\/3888","targetHints":{"allow":["GET"]}}],"collection":[{"href":"https:\/\/walser-ag.ch\/fr\/wp-json\/wp\/v2\/product"}],"about":[{"href":"https:\/\/walser-ag.ch\/fr\/wp-json\/wp\/v2\/types\/product"}],"wp:featuredmedia":[{"embeddable":true,"href":"https:\/\/walser-ag.ch\/fr\/wp-json\/wp\/v2\/media\/3617"}],"wp:attachment":[{"href":"https:\/\/walser-ag.ch\/fr\/wp-json\/wp\/v2\/media?parent=3888"}],"wp:term":[{"taxonomy":"product_brand","embeddable":true,"href":"https:\/\/walser-ag.ch\/fr\/wp-json\/wp\/v2\/product_brand?post=3888"},{"taxonomy":"product_cat","embeddable":true,"href":"https:\/\/walser-ag.ch\/fr\/wp-json\/wp\/v2\/product_cat?post=3888"},{"taxonomy":"product_tag","embeddable":true,"href":"https:\/\/walser-ag.ch\/fr\/wp-json\/wp\/v2\/product_tag?post=3888"}],"curies":[{"name":"wp","href":"https:\/\/api.w.org\/{rel}","templated":true}]}}