{"id":3885,"date":"2022-03-15T11:42:54","date_gmt":"2022-03-15T10:42:54","guid":{"rendered":"https:\/\/walser-ag.ch\/produkt\/brosse-de-lavage-polyester-resistante-a-la-chaleur-jusqua-130c\/"},"modified":"2024-12-11T12:52:32","modified_gmt":"2024-12-11T11:52:32","slug":"brosse-de-lavage-polyester-resistante-a-la-chaleur-jusqua-130c","status":"publish","type":"product","link":"https:\/\/walser-ag.ch\/fr\/produkt\/brosse-de-lavage-polyester-resistante-a-la-chaleur-jusqua-130c\/","title":{"rendered":"Brosse de laiterie polyester"},"content":{"rendered":"<p>&#8211; r\u00e9sistant \u00e0 la chaleur jusqu&#8217;\u00e0 130\u00b0C<br \/>\n&#8211; corps en plastique blanc<\/p>\n","protected":false},"excerpt":{"rendered":"<p>Brosse de laiterie polyester<\/p>\n","protected":false},"featured_media":3654,"template":"","meta":{"_acf_changed":false},"product_brand":[],"product_cat":[111],"product_tag":[],"class_list":{"0":"post-3885","1":"product","2":"type-product","3":"status-publish","4":"has-post-thumbnail","6":"product_cat-buersten-fr","7":"product_shipping_class-unfranko","9":"first","10":"instock","11":"taxable","12":"shipping-taxable","13":"purchasable","14":"product-type-simple"},"acf":[],"tiered_pricing_type":"fixed","tiered_pricing_fixed_rules":[],"tiered_pricing_product_settings":{"layout":"default","base_unit_name":{"singular":null,"plural":null},"default_variation":null},"tiered_pricing_minimum_quantity":null,"tiered_pricing_roles_data":[],"tiered_pricing_percentage_rules":[],"_links":{"self":[{"href":"https:\/\/walser-ag.ch\/fr\/wp-json\/wp\/v2\/product\/3885","targetHints":{"allow":["GET"]}}],"collection":[{"href":"https:\/\/walser-ag.ch\/fr\/wp-json\/wp\/v2\/product"}],"about":[{"href":"https:\/\/walser-ag.ch\/fr\/wp-json\/wp\/v2\/types\/product"}],"wp:featuredmedia":[{"embeddable":true,"href":"https:\/\/walser-ag.ch\/fr\/wp-json\/wp\/v2\/media\/3654"}],"wp:attachment":[{"href":"https:\/\/walser-ag.ch\/fr\/wp-json\/wp\/v2\/media?parent=3885"}],"wp:term":[{"taxonomy":"product_brand","embeddable":true,"href":"https:\/\/walser-ag.ch\/fr\/wp-json\/wp\/v2\/product_brand?post=3885"},{"taxonomy":"product_cat","embeddable":true,"href":"https:\/\/walser-ag.ch\/fr\/wp-json\/wp\/v2\/product_cat?post=3885"},{"taxonomy":"product_tag","embeddable":true,"href":"https:\/\/walser-ag.ch\/fr\/wp-json\/wp\/v2\/product_tag?post=3885"}],"curies":[{"name":"wp","href":"https:\/\/api.w.org\/{rel}","templated":true}]}}