{"id":3884,"date":"2022-03-15T11:44:58","date_gmt":"2022-03-15T10:44:58","guid":{"rendered":"https:\/\/walser-ag.ch\/produkt\/brosse-de-lavage-arenga\/"},"modified":"2024-12-11T12:51:57","modified_gmt":"2024-12-11T11:51:57","slug":"brosse-de-lavage-arenga","status":"publish","type":"product","link":"https:\/\/walser-ag.ch\/fr\/produkt\/brosse-de-lavage-arenga\/","title":{"rendered":"Brosse de laiterie Arenga"},"content":{"rendered":"<p>&#8211; Corps en plastique<br \/>\n&#8211; d\u00e9coup\u00e9 \u00e0 l&#8217;emporte-pi\u00e8ce<\/p>\n","protected":false},"excerpt":{"rendered":"<p>Brosse de laiterie Arenga<\/p>\n","protected":false},"featured_media":3655,"template":"","meta":{"_acf_changed":false},"product_brand":[],"product_cat":[111],"product_tag":[],"class_list":{"0":"post-3884","1":"product","2":"type-product","3":"status-publish","4":"has-post-thumbnail","6":"product_cat-buersten-fr","7":"product_shipping_class-unfranko","9":"first","10":"instock","11":"taxable","12":"shipping-taxable","13":"purchasable","14":"product-type-simple"},"acf":[],"tiered_pricing_type":"fixed","tiered_pricing_fixed_rules":[],"tiered_pricing_product_settings":{"layout":"default","base_unit_name":{"singular":null,"plural":null},"default_variation":null},"tiered_pricing_minimum_quantity":null,"tiered_pricing_roles_data":[],"tiered_pricing_percentage_rules":[],"_links":{"self":[{"href":"https:\/\/walser-ag.ch\/fr\/wp-json\/wp\/v2\/product\/3884","targetHints":{"allow":["GET"]}}],"collection":[{"href":"https:\/\/walser-ag.ch\/fr\/wp-json\/wp\/v2\/product"}],"about":[{"href":"https:\/\/walser-ag.ch\/fr\/wp-json\/wp\/v2\/types\/product"}],"wp:featuredmedia":[{"embeddable":true,"href":"https:\/\/walser-ag.ch\/fr\/wp-json\/wp\/v2\/media\/3655"}],"wp:attachment":[{"href":"https:\/\/walser-ag.ch\/fr\/wp-json\/wp\/v2\/media?parent=3884"}],"wp:term":[{"taxonomy":"product_brand","embeddable":true,"href":"https:\/\/walser-ag.ch\/fr\/wp-json\/wp\/v2\/product_brand?post=3884"},{"taxonomy":"product_cat","embeddable":true,"href":"https:\/\/walser-ag.ch\/fr\/wp-json\/wp\/v2\/product_cat?post=3884"},{"taxonomy":"product_tag","embeddable":true,"href":"https:\/\/walser-ag.ch\/fr\/wp-json\/wp\/v2\/product_tag?post=3884"}],"curies":[{"name":"wp","href":"https:\/\/api.w.org\/{rel}","templated":true}]}}