{"id":3875,"date":"2022-03-15T11:22:22","date_gmt":"2022-03-15T10:22:22","guid":{"rendered":"https:\/\/walser-ag.ch\/produkt\/pompe\/"},"modified":"2024-12-10T13:39:51","modified_gmt":"2024-12-10T12:39:51","slug":"pompe","status":"publish","type":"product","link":"https:\/\/walser-ag.ch\/fr\/produkt\/pompe\/","title":{"rendered":"Pompe"},"content":{"rendered":"<p>&#8211; Tube d&#8217;aspiration t\u00e9lescopique r\u00e9glable en longueur (355 mm \u00e0 955 mm)<br \/>\n&#8211; Poign\u00e9e ergonomique, antid\u00e9rapante, tr\u00e8s bonne transmission de la force et maniabilit\u00e9<br \/>\n&#8211; Produits transport\u00e9s: Huiles jusqu&#8217;\u00e0 SAE 90<\/p>\n","protected":false},"excerpt":{"rendered":"<p>Pompe<\/p>\n","protected":false},"featured_media":3649,"template":"","meta":{"_acf_changed":false},"product_brand":[],"product_cat":[123,96],"product_tag":[],"class_list":{"0":"post-3875","1":"product","2":"type-product","3":"status-publish","4":"has-post-thumbnail","6":"product_cat-walser-multivit-fr","7":"product_cat-walser-tran-fr","8":"product_shipping_class-unfranko","10":"first","11":"instock","12":"taxable","13":"shipping-taxable","14":"purchasable","15":"product-type-simple"},"acf":[],"tiered_pricing_type":"fixed","tiered_pricing_fixed_rules":[],"tiered_pricing_product_settings":{"layout":"default","base_unit_name":{"singular":null,"plural":null},"default_variation":null},"tiered_pricing_minimum_quantity":null,"tiered_pricing_roles_data":[],"tiered_pricing_percentage_rules":[],"_links":{"self":[{"href":"https:\/\/walser-ag.ch\/fr\/wp-json\/wp\/v2\/product\/3875","targetHints":{"allow":["GET"]}}],"collection":[{"href":"https:\/\/walser-ag.ch\/fr\/wp-json\/wp\/v2\/product"}],"about":[{"href":"https:\/\/walser-ag.ch\/fr\/wp-json\/wp\/v2\/types\/product"}],"wp:featuredmedia":[{"embeddable":true,"href":"https:\/\/walser-ag.ch\/fr\/wp-json\/wp\/v2\/media\/3649"}],"wp:attachment":[{"href":"https:\/\/walser-ag.ch\/fr\/wp-json\/wp\/v2\/media?parent=3875"}],"wp:term":[{"taxonomy":"product_brand","embeddable":true,"href":"https:\/\/walser-ag.ch\/fr\/wp-json\/wp\/v2\/product_brand?post=3875"},{"taxonomy":"product_cat","embeddable":true,"href":"https:\/\/walser-ag.ch\/fr\/wp-json\/wp\/v2\/product_cat?post=3875"},{"taxonomy":"product_tag","embeddable":true,"href":"https:\/\/walser-ag.ch\/fr\/wp-json\/wp\/v2\/product_tag?post=3875"}],"curies":[{"name":"wp","href":"https:\/\/api.w.org\/{rel}","templated":true}]}}