{"id":3851,"date":"2022-03-15T14:00:05","date_gmt":"2022-03-15T13:00:05","guid":{"rendered":"https:\/\/walser-ag.ch\/produkt\/bache-2-m-x-3-m\/"},"modified":"2024-12-10T12:53:41","modified_gmt":"2024-12-10T11:53:41","slug":"bache-2-m-x-3-m","status":"publish","type":"product","link":"https:\/\/walser-ag.ch\/fr\/produkt\/bache-2-m-x-3-m\/","title":{"rendered":"Bache 2 m x 3 m"},"content":{"rendered":"<p>Tissu PE extr\u00eamement r\u00e9sistant \u00e0 la d\u00e9chirure 120 g\/m2, avec bord renforc\u00e9 et \u0153illets pour la fixation<\/p>\n","protected":false},"excerpt":{"rendered":"<p>Bache 2 m x 3 m<\/p>\n","protected":false},"featured_media":3684,"template":"","meta":{"_acf_changed":false},"product_brand":[],"product_cat":[110],"product_tag":[],"class_list":{"0":"post-3851","1":"product","2":"type-product","3":"status-publish","4":"has-post-thumbnail","6":"product_cat-blachen-fr","7":"product_shipping_class-unfranko","9":"first","10":"instock","11":"taxable","12":"shipping-taxable","13":"purchasable","14":"product-type-simple"},"acf":[],"tiered_pricing_type":"fixed","tiered_pricing_fixed_rules":[],"tiered_pricing_product_settings":{"layout":"default","base_unit_name":{"singular":null,"plural":null},"default_variation":null},"tiered_pricing_minimum_quantity":null,"tiered_pricing_roles_data":[],"tiered_pricing_percentage_rules":[],"_links":{"self":[{"href":"https:\/\/walser-ag.ch\/fr\/wp-json\/wp\/v2\/product\/3851","targetHints":{"allow":["GET"]}}],"collection":[{"href":"https:\/\/walser-ag.ch\/fr\/wp-json\/wp\/v2\/product"}],"about":[{"href":"https:\/\/walser-ag.ch\/fr\/wp-json\/wp\/v2\/types\/product"}],"wp:featuredmedia":[{"embeddable":true,"href":"https:\/\/walser-ag.ch\/fr\/wp-json\/wp\/v2\/media\/3684"}],"wp:attachment":[{"href":"https:\/\/walser-ag.ch\/fr\/wp-json\/wp\/v2\/media?parent=3851"}],"wp:term":[{"taxonomy":"product_brand","embeddable":true,"href":"https:\/\/walser-ag.ch\/fr\/wp-json\/wp\/v2\/product_brand?post=3851"},{"taxonomy":"product_cat","embeddable":true,"href":"https:\/\/walser-ag.ch\/fr\/wp-json\/wp\/v2\/product_cat?post=3851"},{"taxonomy":"product_tag","embeddable":true,"href":"https:\/\/walser-ag.ch\/fr\/wp-json\/wp\/v2\/product_tag?post=3851"}],"curies":[{"name":"wp","href":"https:\/\/api.w.org\/{rel}","templated":true}]}}