{"id":3849,"date":"2022-03-15T11:13:41","date_gmt":"2022-03-15T10:13:41","guid":{"rendered":"https:\/\/walser-ag.ch\/produkt\/huile-walser\/"},"modified":"2024-12-11T14:05:09","modified_gmt":"2024-12-11T13:05:09","slug":"huile-walser-bidon-de-25-l","status":"publish","type":"product","link":"https:\/\/walser-ag.ch\/fr\/produkt\/huile-walser-bidon-de-25-l\/","title":{"rendered":"Huile WALSER bidon de 25 l"},"content":{"rendered":"<p>&#8211; contient des vitamines A, D3 et E, de la l\u00e9cithine, de l&#8217;huile de germe de bl\u00e9 ainsi que de l&#8217;huile marine<br \/>\n&#8211; fabrication biologique pure<br \/>\n&#8211; stimule la croissance et la r\u00e9sistance des animaux<br \/>\n&#8211; fournisseur d&#8217;\u00e9nergie<br \/>\n&#8211; protection \u00e9lev\u00e9e contre les maladies dues \u00e0 des carences<\/p>\n","protected":false},"excerpt":{"rendered":"<p>Huile WALSER bidon de 25 l<\/p>\n","protected":false},"featured_media":3645,"template":"","meta":{"_acf_changed":false},"product_brand":[],"product_cat":[96],"product_tag":[],"class_list":{"0":"post-3849","1":"product","2":"type-product","3":"status-publish","4":"has-post-thumbnail","6":"product_cat-walser-tran-fr","7":"product_shipping_class-franko","9":"first","10":"instock","11":"taxable","12":"shipping-taxable","13":"purchasable","14":"product-type-simple"},"acf":[],"tiered_pricing_type":"fixed","tiered_pricing_fixed_rules":{"2":"247.00","3":"243.00","4":"240.00","5":"236.00","6":"233.00","8":"226.00"},"tiered_pricing_product_settings":{"layout":"default","base_unit_name":{"singular":null,"plural":null},"default_variation":null},"tiered_pricing_minimum_quantity":null,"tiered_pricing_roles_data":[],"tiered_pricing_percentage_rules":[],"_links":{"self":[{"href":"https:\/\/walser-ag.ch\/fr\/wp-json\/wp\/v2\/product\/3849","targetHints":{"allow":["GET"]}}],"collection":[{"href":"https:\/\/walser-ag.ch\/fr\/wp-json\/wp\/v2\/product"}],"about":[{"href":"https:\/\/walser-ag.ch\/fr\/wp-json\/wp\/v2\/types\/product"}],"wp:featuredmedia":[{"embeddable":true,"href":"https:\/\/walser-ag.ch\/fr\/wp-json\/wp\/v2\/media\/3645"}],"wp:attachment":[{"href":"https:\/\/walser-ag.ch\/fr\/wp-json\/wp\/v2\/media?parent=3849"}],"wp:term":[{"taxonomy":"product_brand","embeddable":true,"href":"https:\/\/walser-ag.ch\/fr\/wp-json\/wp\/v2\/product_brand?post=3849"},{"taxonomy":"product_cat","embeddable":true,"href":"https:\/\/walser-ag.ch\/fr\/wp-json\/wp\/v2\/product_cat?post=3849"},{"taxonomy":"product_tag","embeddable":true,"href":"https:\/\/walser-ag.ch\/fr\/wp-json\/wp\/v2\/product_tag?post=3849"}],"curies":[{"name":"wp","href":"https:\/\/api.w.org\/{rel}","templated":true}]}}